{"id":6,"date":"2023-03-30T07:52:11","date_gmt":"2023-03-30T07:52:11","guid":{"rendered":"https:\/\/klimasprinter.hu\/?page_id=6"},"modified":"2023-05-10T07:06:32","modified_gmt":"2023-05-10T07:06:32","slug":"koszontjuk-honlapunkon","status":"publish","type":"page","link":"https:\/\/klimasprinter.hu\/","title":{"rendered":"K\u00f6sz\u00f6ntj\u00fck honlapunkon!"},"content":{"rendered":"\n<div class=\"wp-block-columns is-layout-flex wp-container-core-columns-is-layout-9d6595d7 wp-block-columns-is-layout-flex\">\n<div class=\"wp-block-column is-layout-flow wp-block-column-is-layout-flow\" style=\"flex-basis:50%\">\n<h2 class=\"wp-block-heading has-text-align-center\">AKCI\u00d3S f\u0171t\u00e9si, csal\u00e1di h\u00e1z \u00e9s lak\u00e1s kl\u00edmaberendez\u00e9sek<br><\/h2>\n\n\n\n<h2 class=\"wp-block-heading has-text-align-center has-vivid-red-color has-text-color\"><strong>Olcs\u00f3 lak\u00e1s, csal\u00e1di h\u00e1z kl\u00edmacsomagok, kl\u00edma karbantart\u00e1s, ipari kl\u00edm\u00e1k tiszt\u00edt\u00e1sa<\/strong><\/h2>\n<\/div>\n\n\n\n<div class=\"wp-block-column is-layout-flow wp-block-column-is-layout-flow\">\n<figure class=\"wp-block-image size-large\"><img loading=\"lazy\" decoding=\"async\" width=\"1024\" height=\"724\" src=\"https:\/\/klimasprinter.hu\/wp-content\/uploads\/2023\/05\/AUX_Delta1-1024x724.png\" alt=\"\" class=\"wp-image-92\" srcset=\"https:\/\/klimasprinter.hu\/wp-content\/uploads\/2023\/05\/AUX_Delta1-1024x724.png 1024w, https:\/\/klimasprinter.hu\/wp-content\/uploads\/2023\/05\/AUX_Delta1-300x212.png 300w, https:\/\/klimasprinter.hu\/wp-content\/uploads\/2023\/05\/AUX_Delta1-768x543.png 768w, https:\/\/klimasprinter.hu\/wp-content\/uploads\/2023\/05\/AUX_Delta1-1536x1086.png 1536w, https:\/\/klimasprinter.hu\/wp-content\/uploads\/2023\/05\/AUX_Delta1-2048x1448.png 2048w\" sizes=\"auto, (max-width: 767px) 89vw, (max-width: 1000px) 54vw, (max-width: 1071px) 543px, 580px\" \/><\/figure>\n<\/div>\n\n\n\n<div class=\"wp-block-column is-layout-flow wp-block-column-is-layout-flow\" style=\"flex-basis:50%\">\n<div class=\"wp-block-columns is-layout-flex wp-container-core-columns-is-layout-9d6595d7 wp-block-columns-is-layout-flex\">\n<div class=\"wp-block-column is-layout-flow wp-block-column-is-layout-flow\" style=\"flex-basis:100%\">\n<figure class=\"wp-block-image size-large\"><img loading=\"lazy\" decoding=\"async\" width=\"724\" height=\"1024\" src=\"https:\/\/klimasprinter.hu\/wp-content\/uploads\/2023\/05\/AUX_Gamma_lakas1-724x1024.jpg\" alt=\"\" class=\"wp-image-94\" srcset=\"https:\/\/klimasprinter.hu\/wp-content\/uploads\/2023\/05\/AUX_Gamma_lakas1-724x1024.jpg 724w, https:\/\/klimasprinter.hu\/wp-content\/uploads\/2023\/05\/AUX_Gamma_lakas1-212x300.jpg 212w, https:\/\/klimasprinter.hu\/wp-content\/uploads\/2023\/05\/AUX_Gamma_lakas1-768x1086.jpg 768w, https:\/\/klimasprinter.hu\/wp-content\/uploads\/2023\/05\/AUX_Gamma_lakas1-1086x1536.jpg 1086w, https:\/\/klimasprinter.hu\/wp-content\/uploads\/2023\/05\/AUX_Gamma_lakas1-1448x2048.jpg 1448w, https:\/\/klimasprinter.hu\/wp-content\/uploads\/2023\/05\/AUX_Gamma_lakas1-scaled.jpg 1810w\" sizes=\"auto, (max-width: 724px) 100vw, 724px\" \/><\/figure>\n<\/div>\n<\/div>\n<\/div>\n<\/div>\n\n\n\n<h2 class=\"wp-block-heading has-text-align-center has-electric-grass-gradient-background has-background\">Akci\u00f3s kl\u00edm\u00e1k szerel\u00e9ssel egy\u00fctt, egy\u00e9b k\u00f6lts\u00e9g n\u00e9lk\u00fcl.<\/h2>\n\n\n\n<h2 class=\"wp-block-heading has-vivid-red-color has-text-color\">Mit tartalmaz a szolg\u00e1ltat\u00e1sunk?<br><\/h2>\n\n\n\n<ul class=\"wp-block-list\">\n<li>a kiv\u00e1lasztott kl\u00edmak\u00e9sz\u00fcl\u00e9ket (k\u00fcl- \u00e9s belt\u00e9ri egys\u00e9get is),<\/li>\n\n\n\n<li>az eszk\u00f6z\u00f6k h\u00e1zhoz sz\u00e1ll\u00edt\u00e1s\u00e1t,<\/li>\n\n\n\n<li>a felszerel\u00e9shez sz\u00fcks\u00e9ges 3m hossz\u00fas\u00e1g\u00fa kalorikus cs\u0151 p\u00e1rat,<\/li>\n\n\n\n<li>a cs\u0151vezet\u00e9kek speci\u00e1lis csatlakoz\u00f3 pontjait,<\/li>\n\n\n\n<li>a k\u00fclt\u00e9ri egys\u00e9g fali tart\u00f3konzoljait,&nbsp;<\/li>\n\n\n\n<li>a konzol extra er\u0151s fali r\u00f6gz\u00edt\u0151 egys\u00e9geit,<\/li>\n\n\n\n<li>a belt\u00e9ri egys\u00e9g r\u00f6gz\u00edt\u00e9s\u00e9hez sz\u00fcks\u00e9ges elemeket,<\/li>\n\n\n\n<li>a t\u00e1pell\u00e1t\u00e1s bek\u00f6t\u00e9s\u00e9hez sz\u00fcks\u00e9ges k\u00e1belt \u00e9s csatlakoz\u00f3kat,<\/li>\n\n\n\n<li>a k\u00e9sz\u00fcl\u00e9kek vez\u00e9rl\u00e9s\u00e9hez sz\u00fcks\u00e9ges vez\u00e9rl\u0151k\u00e1belt,<\/li>\n\n\n\n<li>a betan\u00edt\u00e1st a biztons\u00e1gos \u00fczemeltet\u00e9shez.<\/li>\n<\/ul>\n\n\n\n<hr class=\"wp-block-separator has-alpha-channel-opacity\"\/>\n\n\n\n<p class=\"has-text-align-center has-cyan-bluish-gray-background-color has-background\">A legt\u00f6bb telep\u00edt\u00e9sn\u00e9l a k\u00fclt\u00e9ri \u00e9s a belt\u00e9ri egys\u00e9g megb\u00edzhat\u00f3 \u00f6sszek\u00f6t\u00e9s\u00e9re elegend\u0151 a 3m cs\u0151vezet\u00e9k, ez\u00e9rt d\u00edjainkat erre a t\u00e1vols\u00e1gra kalkul\u00e1ltuk. Ha a szerel\u00e9si t\u00e1vols\u00e1g l\u00e1that\u00f3an nagyobb, mint h\u00e1rom m\u00e9ter, k\u00e9rj\u00fck keresse fel koll\u00e9g\u00e1nkat az aktu\u00e1lis pontos \u00e1r\u00e9rt.<\/p>\n\n\n\n<hr class=\"wp-block-separator has-alpha-channel-opacity\"\/>\n\n\n\n<figure class=\"wp-block-image size-large\"><img loading=\"lazy\" decoding=\"async\" width=\"1024\" height=\"724\" src=\"https:\/\/klimasprinter.hu\/wp-content\/uploads\/2023\/05\/AUX_Delta2-1024x724.png\" alt=\"AUX Delta kl\u00edma\" class=\"wp-image-101\" srcset=\"https:\/\/klimasprinter.hu\/wp-content\/uploads\/2023\/05\/AUX_Delta2-1024x724.png 1024w, https:\/\/klimasprinter.hu\/wp-content\/uploads\/2023\/05\/AUX_Delta2-300x212.png 300w, https:\/\/klimasprinter.hu\/wp-content\/uploads\/2023\/05\/AUX_Delta2-768x543.png 768w, https:\/\/klimasprinter.hu\/wp-content\/uploads\/2023\/05\/AUX_Delta2-1536x1086.png 1536w, https:\/\/klimasprinter.hu\/wp-content\/uploads\/2023\/05\/AUX_Delta2-2048x1448.png 2048w\" sizes=\"auto, (max-width: 767px) 89vw, (max-width: 1000px) 54vw, (max-width: 1071px) 543px, 580px\" \/><\/figure>\n\n\n\n<h2 class=\"wp-block-heading\">Vegye fel vel\u00fcnk a kapcsolatot!<\/h2>\n\n\n<style id=\"wpforms-css-vars-root\">\n\t\t\t\t:root {\n\t\t\t\t\t--wpforms-field-border-radius: 3px;\n--wpforms-field-background-color: #ffffff;\n--wpforms-field-border-color: rgba( 0, 0, 0, 0.25 );\n--wpforms-field-text-color: rgba( 0, 0, 0, 0.7 );\n--wpforms-label-color: rgba( 0, 0, 0, 0.85 );\n--wpforms-label-sublabel-color: rgba( 0, 0, 0, 0.55 );\n--wpforms-label-error-color: #d63637;\n--wpforms-button-border-radius: 3px;\n--wpforms-button-background-color: #066aab;\n--wpforms-button-text-color: #ffffff;\n--wpforms-field-size-input-height: 43px;\n--wpforms-field-size-input-spacing: 15px;\n--wpforms-field-size-font-size: 16px;\n--wpforms-field-size-line-height: 19px;\n--wpforms-field-size-padding-h: 14px;\n--wpforms-field-size-checkbox-size: 16px;\n--wpforms-field-size-sublabel-spacing: 5px;\n--wpforms-field-size-icon-size: 1;\n--wpforms-label-size-font-size: 16px;\n--wpforms-label-size-line-height: 19px;\n--wpforms-label-size-sublabel-font-size: 14px;\n--wpforms-label-size-sublabel-line-height: 17px;\n--wpforms-button-size-font-size: 17px;\n--wpforms-button-size-height: 41px;\n--wpforms-button-size-padding-h: 15px;\n--wpforms-button-size-margin-top: 10px;\n\n\t\t\t\t}\n\t\t\t<\/style><div class=\"wpforms-container wpforms-container-full wpforms-block wpforms-block-34357846-2782-47e4-9baf-44c945197ebb wpforms-render-modern\" id=\"wpforms-109\"><form id=\"wpforms-form-109\" class=\"wpforms-validate wpforms-form wpforms-ajax-form\" data-formid=\"109\" method=\"post\" enctype=\"multipart\/form-data\" action=\"\/index.php\/wp-json\/wp\/v2\/pages\/6\" data-token=\"39f580eb3dd58981a42042bb8ade5c4c\"><noscript class=\"wpforms-error-noscript\">Please enable JavaScript in your browser to complete this form.<\/noscript><div class=\"wpforms-hidden\" id=\"wpforms-error-noscript\">Please enable JavaScript in your browser to complete this form.<\/div><div class=\"wpforms-field-container\"><div id=\"wpforms-109-field_0-container\" class=\"wpforms-field wpforms-field-name\" data-field-id=\"0\"><label class=\"wpforms-field-label\" for=\"wpforms-109-field_0\">N\u00e9v <span class=\"wpforms-required-label\" aria-hidden=\"true\">*<\/span><\/label><input type=\"text\" id=\"wpforms-109-field_0\" class=\"wpforms-field-medium wpforms-field-required\" name=\"wpforms[fields][0]\" aria-errormessage=\"wpforms-109-field_0-error\" required><\/div><div id=\"wpforms-109-field_1-container\" class=\"wpforms-field wpforms-field-email\" data-field-id=\"1\"><label class=\"wpforms-field-label\" for=\"wpforms-109-field_1\">Email <span class=\"wpforms-required-label\" aria-hidden=\"true\">*<\/span><\/label><input type=\"email\" id=\"wpforms-109-field_1\" class=\"wpforms-field-medium wpforms-field-required\" name=\"wpforms[fields][1]\" spellcheck=\"false\" aria-errormessage=\"wpforms-109-field_1-error\" required><\/div><div id=\"wpforms-109-field_3-container\" class=\"wpforms-field wpforms-field-text\" data-field-id=\"3\"><label class=\"wpforms-field-label\" for=\"wpforms-109-field_3\">Telefonsz\u00e1m (06 20 123 4567) <span class=\"wpforms-required-label\" aria-hidden=\"true\">*<\/span><\/label><input type=\"text\" id=\"wpforms-109-field_3\" class=\"wpforms-field-medium wpforms-field-required\" name=\"wpforms[fields][3]\" aria-errormessage=\"wpforms-109-field_3-error\" required><\/div><div id=\"wpforms-109-field_4-container\" class=\"wpforms-field wpforms-field-select wpforms-field-select-style-classic\" data-field-id=\"4\"><label class=\"wpforms-field-label\" for=\"wpforms-109-field_4\">Hova szeretne kl\u00edm\u00e1t? <span class=\"wpforms-required-label\" aria-hidden=\"true\">*<\/span><\/label><select id=\"wpforms-109-field_4\" class=\"wpforms-field-medium wpforms-field-required\" name=\"wpforms[fields][4]\" required=\"required\"><option value=\"Csal\u00e1di h\u00e1z\" >Csal\u00e1di h\u00e1z<\/option><option value=\"Ipari ter\u00fclet\" >Ipari ter\u00fclet<\/option><option value=\"T\u00e1rsash\u00e1z\" >T\u00e1rsash\u00e1z<\/option><\/select><\/div><div id=\"wpforms-109-field_2-container\" class=\"wpforms-field wpforms-field-textarea\" data-field-id=\"2\"><label class=\"wpforms-field-label\" for=\"wpforms-109-field_2\">Egy\u00e9b megjegyz\u00e9s<\/label><textarea id=\"wpforms-109-field_2\" class=\"wpforms-field-medium\" name=\"wpforms[fields][2]\" aria-errormessage=\"wpforms-109-field_2-error\" ><\/textarea><\/div><\/div><!-- .wpforms-field-container --><div class=\"wpforms-submit-container\" ><input type=\"hidden\" name=\"wpforms[id]\" value=\"109\"><input type=\"hidden\" name=\"wpforms[author]\" value=\"1\"><button type=\"submit\" name=\"wpforms[submit]\" id=\"wpforms-submit-109\" class=\"wpforms-submit\" data-alt-text=\"K\u00fcld\u00e9s...\" data-submit-text=\"K\u00fcld\u00e9s\" aria-live=\"assertive\" value=\"wpforms-submit\">K\u00fcld\u00e9s<\/button><img loading=\"lazy\" decoding=\"async\" src=\"https:\/\/klimasprinter.hu\/wp-content\/plugins\/wpforms-lite\/assets\/images\/submit-spin.svg\" class=\"wpforms-submit-spinner\" style=\"display: none;\" width=\"26\" height=\"26\" alt=\"Loading\"><\/div><\/form><\/div>  <!-- .wpforms-container -->\n\n<div class=\"wp-block-image\">\n<figure class=\"aligncenter size-full is-resized\"><img loading=\"lazy\" decoding=\"async\" src=\"https:\/\/klimasprinter.hu\/wp-content\/uploads\/2023\/05\/air-conditioning.png\" alt=\"\" class=\"wp-image-121\" width=\"166\" height=\"166\" srcset=\"https:\/\/klimasprinter.hu\/wp-content\/uploads\/2023\/05\/air-conditioning.png 512w, https:\/\/klimasprinter.hu\/wp-content\/uploads\/2023\/05\/air-conditioning-300x300.png 300w, https:\/\/klimasprinter.hu\/wp-content\/uploads\/2023\/05\/air-conditioning-150x150.png 150w, https:\/\/klimasprinter.hu\/wp-content\/uploads\/2023\/05\/air-conditioning-100x100.png 100w\" sizes=\"auto, (max-width: 166px) 100vw, 166px\" \/><\/figure>\n<\/div>\n\n\n<h2 class=\"wp-block-heading has-text-align-center has-white-background-color has-background\"><strong>KL\u00cdMA KARBANTART\u00c1S<\/strong><\/h2>\n\n\n\n<p><strong>Kedves \u00dcgyfeleink!<\/strong><br>A gy\u00e1rt\u00f3 \u00e1ltal meghat\u00e1rozott \u00e9ves k\u00f6telez\u0151 karbantart\u00e1s elmulaszt\u00e1sa eset\u00e9n az \u00e1ltalunk telep\u00edtett berendez\u00e9sekre 2-5 \u00e9v garancia \u00e9rv\u00e9ny\u00e9t veszti.<\/p>\n\n\n\n<p><strong>Mi\u00e9rt fontos m\u00e9g mindig a berendez\u00e9sek karbantart\u00e1sa, tiszt\u00edt\u00e1sa \u00e9s fert\u0151tlen\u00edt\u00e9se?<\/strong><\/p>\n\n\n\n<p>A l\u00e9gkondicion\u00e1l\u00f3 tiszt\u00edt\u00e1sa \u00e9s rendszeres karbantart\u00e1sa t\u00f6bb szempontb\u00f3l is fontos. A tiszt\u00e1talan k\u00e9sz\u00fcl\u00e9kek negat\u00edvan befoly\u00e1solhatj\u00e1k eg\u00e9szs\u00e9g\u00fcnket, rossz szag\u00faak, de a karbantart\u00e1s hi\u00e1nya a kl\u00edmaberendez\u00e9sek hat\u00e1sfok\u00e1t is lecs\u00f6kkentheti.<\/p>\n\n\n\n<p>Amikor a kl\u00edmaberendez\u00e9s h\u0171t\u00e9si \u00fczemm\u00f3dban van, a belt\u00e9ri egys\u00e9g belseje p\u00e1r\u00e1s a folyamatos p\u00e1ralecsap\u00f3d\u00e1s miatt, ami el\u0151seg\u00edti a k\u00f3rokoz\u00f3 bakt\u00e9riumok, v\u00edrusok \u00e9s gomb\u00e1k szaporod\u00e1s\u00e1t. Ezek a k\u00f3rokoz\u00f3k kellemetlen szagokat bocs\u00e1tanak ki, \u00e9s extr\u00e9m esetben l\u00e9g\u00fati megbeteged\u00e9st is okozhatnak, ez\u00e9rt a kl\u00edm\u00e1t tiszt\u00e1n kell tartani. A gy\u00e1rt\u00f3k folyamatosan fejlesztenek \u00faj bevonatokat a gomb\u00e1k \u00e9s bakt\u00e9riumok megf\u00e9kez\u00e9s\u00e9re, t\u00f6bb-kevesebb sikerrel.<\/p>\n\n\n\n<p>Egy m\u00e1sik ok, ami\u00e9rt a rendszeres karbantart\u00e1s \u00e9s tiszt\u00edt\u00e1s fontos, a g\u00e9p megfelel\u0151 m\u0171k\u00f6d\u00e9se. M\u0171k\u00f6d\u00e9s\u00fck sor\u00e1n a l\u00e9gkondicion\u00e1l\u00f3 belt\u00e9ri egys\u00e9ge nagy mennyis\u00e9g\u0171 leveg\u0151t mozgat, amely egy hidegebb vagy f\u0171t\u00f6tt fel\u00fcleten (h\u0151cser\u00e9l\u0151n) kereszt\u00fcl kering vissza a helyis\u00e9gbe. A h\u0151cser\u00e9l\u0151nek el\u00e9g nagynak kell lennie ahhoz, hogy az egys\u00e9g biztos\u00edtani tudja a sz\u00fcks\u00e9ges teljes\u00edtm\u00e9nyt, ugyanakkor ne legyen akkora, hogy a kl\u00edma rontja az eszt\u00e9tik\u00e1t.<\/p>\n\n\n\n<p>A tiszt\u00edt\u00e1s mellett a g\u00e9p param\u00e9tereinek, nyom\u00e1s\u00e9rt\u00e9keinek ellen\u0151rz\u00e9se is sz\u00fcks\u00e9ges A szerel\u0151 nyom\u00e1sm\u00e9r\u0151 m\u0171szerek \u00e9s h\u0151m\u00e9r\u0151k seg\u00edts\u00e9g\u00e9vel \u00e1llap\u00edtja meg, hogy a kl\u00edma a megfelel\u0151 munkaponton m\u0171k\u00f6dik-e, \u00e9s hogy megfelel\u0151-e. Az \u00fczemi param\u00e9terek a megadott \u00e9rt\u00e9ktartom\u00e1nyon bel\u00fcl vannak.<\/p>\n\n\n\n<p>A hossz\u00fa t\u00e1v\u00fa \u00fczemel\u00e9s szempontj\u00e1b\u00f3l nagyon fontos a kl\u00edmaberendez\u00e9sek karbantart\u00e1sa, ez\u00e9rt a gy\u00e1rt\u00f3k ezt \u00e9vente egyszer k\u00f6telez\u0151v\u00e9 teszik. A j\u00f3t\u00e1ll\u00e1s ezen karbantart\u00e1sok megl\u00e9t\u00e9hez is kapcsol\u00f3dik, ez\u00e9rt sz\u00fcks\u00e9ges ezen beavatkoz\u00e1sok d\u00e1tum\u00e1nak r\u00f6gz\u00edt\u00e9se a j\u00f3t\u00e1ll\u00e1si jegyen.<\/p>\n\n\n\n<p><strong>A l\u00e9gkondicion\u00e1l\u00f3 tiszt\u00edt\u00e1si folyamata<\/strong><\/p>\n\n\n\n<p>A l\u00e9gkondicion\u00e1l\u00f3 tiszt\u00edt\u00e1sa a belt\u00e9ri egys\u00e9g tiszt\u00edt\u00e1s\u00e1val kezd\u0151dik, majd az egys\u00e9g kikapcsol\u00e1sa ut\u00e1n a h\u0151cser\u00e9l\u0151t alaposan lepermetezz\u00fck fert\u0151tlen\u00edt\u0151 oldattal (sprayek \u00e1ltal\u00e1ban megv\u00e1s\u00e1rolhat\u00f3k). Id\u0151be telik (\u00e1ltal\u00e1ban 10-15 perc), am\u00edg a folyad\u00e9k a h\u0151cser\u00e9l\u0151 minden apr\u00f3 sark\u00e1ba eljut, \u00e9s kifejti fert\u0151tlen\u00edt\u0151 hat\u00e1s\u00e1t. Ezut\u00e1n az egys\u00e9g \u00fajra \u00fczembe helyez\u0151dik, \u00e9s a h\u0151cser\u00e9l\u0151j\u00e9b\u0151l kicsap\u00f3d\u00f3 g\u0151z \u00f6bl\u00edti le a fert\u0151tlen\u00edt\u0151t a lefoly\u00f3ba.<\/p>\n\n\n\n<p>A fert\u0151tlen\u00edt\u0151szer hat\u00e1sa alatt a belt\u00e9ri porelt\u00e1vol\u00edt\u00f3 h\u00e1l\u00f3 h\u00e1l\u00f3j\u00e1t a csap alatt, meleg szappanos v\u00edzzel le lehet mosni, alaposan megsz\u00e1r\u00edtani, majd visszahelyezni a belt\u00e9ri egys\u00e9gbe. Ha a k\u00e9sz\u00fcl\u00e9k m\u00e1s \u00e9rz\u00e9keny sz\u0171r\u0151elemeket is tartalmaz (p\u00e9ld\u00e1ul plazmasz\u0171r\u0151ket), mindig az adott k\u00e9sz\u00fcl\u00e9kre vonatkoz\u00f3 utas\u00edt\u00e1sok szerint tiszt\u00edtsa meg azokat.<\/p>\n\n\n\n<p><br>El\u0151fordulnak extr\u00e9m koszos belt\u00e9ri egys\u00e9gek, amiknek a tiszt\u00edt\u00e1s\u00e1hoz mag\u00e1t a k\u00e9sz\u00fcl\u00e9ket is le&nbsp;sz\u00fcks\u00e9ges&nbsp;venni, majd azt, erre alkalmas helyen sz\u00e9t&nbsp;sz\u00fcks\u00e9ges&nbsp;szerelni,&nbsp;tov\u00e1bb\u00e1&nbsp;ki&nbsp;sz\u00fcks\u00e9ges&nbsp;takar\u00edtani.<\/p>\n\n\n\n<p><strong>Ki v\u00e9gezze a tiszt\u00edt\u00e1st?<\/strong><\/p>\n\n\n\n<p>Ha a tiszt\u00edt\u00e1s mik\u00e9ntj\u00e9t&nbsp;elemezz\u00fck&nbsp;igaz\u00e1b\u00f3l&nbsp;nincsen&nbsp;sz\u00f3 bonyolult dologr\u00f3l, \u00e1m, ha a felhaszn\u00e1lt vegyi anyagokat, a k\u00fclt\u00e9ri egys\u00e9g&nbsp;gyakran&nbsp;neh\u00e9z megk\u00f6zel\u00edthet\u0151s\u00e9g\u00e9t,&nbsp;esetleg&nbsp;a karbantart\u00e1s eszk\u00f6zeit vessz\u00fck alapul, m\u00e9gis ink\u00e1bb azt javasoljuk, hogy a tiszt\u00edt\u00e1s, ezen k\u00edv\u00fcl&nbsp;karbantart\u00e1s folyamat\u00e1t b\u00edzza szakemberre. A szakembereknek,&nbsp;esetleg&nbsp;egy szakszerviznek megvan az a tapasztalata,&nbsp;valamint&nbsp;j\u00e1rtass\u00e1ga a tiszt\u00edt\u00e1s ter\u00fclet\u00e9n, aminek hi\u00e1ny\u00e1ban egy laikus ak\u00e1r balesetet is szenvedhet. A gy\u00e1rt\u00f3k pedig egyenesen el\u0151\u00edrj\u00e1k a k\u00e9sz\u00fcl\u00e9kek garanci\u00e1lis felt\u00e9teleiben a hozz\u00e1\u00e9rt\u0151kkel t\u00f6rt\u00e9n\u0151 karbantart\u00e1st, \u00edgy&nbsp;er\u0151teljesen&nbsp;javallott a tev\u00e9kenys\u00e9ghez szakembert h\u00edvni.<\/p>\n","protected":false},"excerpt":{"rendered":"<p>AKCI\u00d3S f\u0171t\u00e9si, csal\u00e1di h\u00e1z \u00e9s lak\u00e1s kl\u00edmaberendez\u00e9sek Olcs\u00f3 lak\u00e1s, csal\u00e1di h\u00e1z kl\u00edmacsomagok, kl\u00edma karbantart\u00e1s, ipari kl\u00edm\u00e1k tiszt\u00edt\u00e1sa Akci\u00f3s kl\u00edm\u00e1k szerel\u00e9ssel egy\u00fctt, egy\u00e9b k\u00f6lts\u00e9g n\u00e9lk\u00fcl. Mit tartalmaz a szolg\u00e1ltat\u00e1sunk? A legt\u00f6bb telep\u00edt\u00e9sn\u00e9l a k\u00fclt\u00e9ri \u00e9s a belt\u00e9ri egys\u00e9g megb\u00edzhat\u00f3 \u00f6sszek\u00f6t\u00e9s\u00e9re elegend\u0151 a 3m cs\u0151vezet\u00e9k, ez\u00e9rt d\u00edjainkat erre a t\u00e1vols\u00e1gra kalkul\u00e1ltuk. Ha a szerel\u00e9si t\u00e1vols\u00e1g l\u00e1that\u00f3an nagyobb, &hellip; <\/p>\n<p class=\"link-more\"><a href=\"https:\/\/klimasprinter.hu\/\" class=\"more-link\"><span class=\"screen-reader-text\">&#8222;K\u00f6sz\u00f6ntj\u00fck honlapunkon!&#8221;<\/span> b\u0151vebben<\/a><\/p>\n","protected":false},"author":1,"featured_media":0,"parent":0,"menu_order":0,"comment_status":"closed","ping_status":"closed","template":"","meta":{"footnotes":""},"class_list":["post-6","page","type-page","status-publish","hentry"],"_links":{"self":[{"href":"https:\/\/klimasprinter.hu\/index.php\/wp-json\/wp\/v2\/pages\/6","targetHints":{"allow":["GET"]}}],"collection":[{"href":"https:\/\/klimasprinter.hu\/index.php\/wp-json\/wp\/v2\/pages"}],"about":[{"href":"https:\/\/klimasprinter.hu\/index.php\/wp-json\/wp\/v2\/types\/page"}],"author":[{"embeddable":true,"href":"https:\/\/klimasprinter.hu\/index.php\/wp-json\/wp\/v2\/users\/1"}],"replies":[{"embeddable":true,"href":"https:\/\/klimasprinter.hu\/index.php\/wp-json\/wp\/v2\/comments?post=6"}],"version-history":[{"count":20,"href":"https:\/\/klimasprinter.hu\/index.php\/wp-json\/wp\/v2\/pages\/6\/revisions"}],"predecessor-version":[{"id":128,"href":"https:\/\/klimasprinter.hu\/index.php\/wp-json\/wp\/v2\/pages\/6\/revisions\/128"}],"wp:attachment":[{"href":"https:\/\/klimasprinter.hu\/index.php\/wp-json\/wp\/v2\/media?parent=6"}],"curies":[{"name":"wp","href":"https:\/\/api.w.org\/{rel}","templated":true}]}}