{"id":33,"date":"2023-04-03T13:16:59","date_gmt":"2023-04-03T13:16:59","guid":{"rendered":"https:\/\/klimasprinter.hu\/?page_id=33"},"modified":"2023-05-10T11:37:16","modified_gmt":"2023-05-10T11:37:16","slug":"termekek","status":"publish","type":"page","link":"https:\/\/klimasprinter.hu\/index.php\/termekek\/","title":{"rendered":"Term\u00e9kek"},"content":{"rendered":"\n<h2 class=\"wp-block-heading has-vivid-red-color has-text-color\"><strong>TCL FRESH-IN<\/strong><\/h2>\n\n\n\n<div class=\"wp-block-columns is-layout-flex wp-container-core-columns-is-layout-9d6595d7 wp-block-columns-is-layout-flex\">\n<div class=\"wp-block-column is-layout-flow wp-block-column-is-layout-flow\">\n<p class=\"has-text-align-center\" style=\"font-size:14px\">Ez\u00fcst sz\u00edn\u0171 panele eleg\u00e1ns, speci\u00e1lis kialak\u00edt\u00e1s\u00e1val ak\u00e1r 60m3 friss leveg\u0151t f\u00faj be a helyis\u00e9gbe \u00f3r\u00e1nk\u00e9nt, melyet h\u0171t vagy f\u0171t a k\u00e9sz\u00fcl\u00e9k. A leveg\u0151 min\u0151s\u00e9g\u00e9r\u0151l QuadruPuri sz\u0171r\u0151rendszer gondoskodik. A 14 S alak\u00fa l\u00e9gterel\u0151 lamell\u00e1n tal\u00e1lhat\u00f3 1422 mikro m\u00e9ret\u0171 lyuknak \u00e9s a 4 ir\u00e1ny\u00fa l\u00e9gterel\u00e9snek k\u00f6sz\u00f6nhet\u0151en a l\u00e9gbef\u00fav\u00e1s olyan, mint egy l\u00e1gy fuvallat. Kiv\u00e1l\u00f3 f\u0171t\u00e9sre is, r\u00e1ad\u00e1sul a be\u00e9p\u00edtett WiFivel ak\u00e1r okosotthonba is kapcsolhat\u00f3.<\/p>\n<\/div>\n\n\n\n<div class=\"wp-block-column is-layout-flow wp-block-column-is-layout-flow\"><div class=\"wp-block-image\">\n<figure class=\"aligncenter size-full is-resized\"><img loading=\"lazy\" decoding=\"async\" src=\"https:\/\/klimasprinter.hu\/wp-content\/uploads\/2023\/05\/Fresh-In.jpg\" alt=\"\" class=\"wp-image-154\" width=\"429\" height=\"154\" srcset=\"https:\/\/klimasprinter.hu\/wp-content\/uploads\/2023\/05\/Fresh-In.jpg 555w, https:\/\/klimasprinter.hu\/wp-content\/uploads\/2023\/05\/Fresh-In-300x108.jpg 300w\" sizes=\"auto, (max-width: 429px) 100vw, 429px\" \/><\/figure>\n<\/div><\/div>\n<\/div>\n\n\n\n<div class=\"wp-block-columns is-layout-flex wp-container-core-columns-is-layout-9d6595d7 wp-block-columns-is-layout-flex\">\n<div class=\"wp-block-column is-layout-flow wp-block-column-is-layout-flow\">\n<div class=\"wp-block-columns are-vertically-aligned-center is-layout-flex wp-container-core-columns-is-layout-9d6595d7 wp-block-columns-is-layout-flex\">\n<div class=\"wp-block-column is-vertically-aligned-center is-layout-flow wp-block-column-is-layout-flow\">\n<div class=\"wp-block-file aligncenter\"><a href=\"https:\/\/klimasprinter.hu\/wp-content\/uploads\/2023\/05\/TCL_klima_katalogus_2022_1.1.pdf\" class=\"wp-block-file__button wp-element-button\" download>Bross\u00fara let\u00f6lt\u00e9se<\/a><\/div>\n<\/div>\n<\/div>\n<\/div>\n\n\n\n<div class=\"wp-block-column is-layout-flow wp-block-column-is-layout-flow\">\n<div class=\"wp-block-columns is-layout-flex wp-container-core-columns-is-layout-9d6595d7 wp-block-columns-is-layout-flex\">\n<div class=\"wp-block-column is-layout-flow wp-block-column-is-layout-flow\">\n<p class=\"has-text-align-center\"><br><strong>H\u0170T\u00c9SI TARTOM\u00c1NY<\/strong><br>-15 &#8211; +53&nbsp;\u00b0C<\/p>\n<\/div>\n\n\n\n<div class=\"wp-block-column is-layout-flow wp-block-column-is-layout-flow\">\n<p class=\"has-text-align-center\"><br><strong>F\u0170T\u00c9SI TARTOM\u00c1NY<\/strong><br>-20 &#8211; +30&nbsp;\u00b0C<\/p>\n<\/div>\n<\/div>\n<\/div>\n<\/div>\n\n\n\n<div class=\"wp-block-columns is-layout-flex wp-container-core-columns-is-layout-9d6595d7 wp-block-columns-is-layout-flex\">\n<div class=\"wp-block-column is-layout-flow wp-block-column-is-layout-flow\">\n<div class=\"wp-block-columns is-layout-flex wp-container-core-columns-is-layout-9d6595d7 wp-block-columns-is-layout-flex\">\n<div class=\"wp-block-column is-layout-flow wp-block-column-is-layout-flow\">\n<h5 class=\"wp-block-heading has-text-align-center has-black-color has-text-color has-background\" style=\"background-color:#c5c5c5\">TAC-09CHSD\/XA41IN<\/h5>\n\n\n\n<p class=\"has-text-align-center has-vivid-red-color has-text-color has-small-font-size\"><strong>H\u0170T\u0150TELJES\u00cdTM\u00c9NY<\/strong><\/p>\n\n\n\n<p class=\"has-text-align-center has-small-font-size\">2.6 kW<\/p>\n\n\n\n<hr class=\"wp-block-separator has-alpha-channel-opacity\"\/>\n\n\n\n<p class=\"has-text-align-center has-vivid-red-color has-text-color has-small-font-size\"><strong>F\u0170T\u0150TELJES\u00cdTM\u00c9NY<\/strong><\/p>\n\n\n\n<p class=\"has-text-align-center has-small-font-size\">2.61 kW<\/p>\n\n\n\n<hr class=\"wp-block-separator has-alpha-channel-opacity\"\/>\n\n\n\n<p class=\"has-text-align-center has-vivid-red-color has-text-color has-small-font-size\"><strong>ENERGIA OSZT\u00c1LY, H\u0170T\u00c9S\/F\u0170T\u00c9S<\/strong><\/p>\n\n\n\n<p class=\"has-text-align-center has-small-font-size\">A++\/A+<\/p>\n\n\n\n<hr class=\"wp-block-separator has-alpha-channel-opacity\"\/>\n\n\n\n<p class=\"has-text-align-center has-vivid-red-color has-text-color has-small-font-size\"><strong>HAT\u00c9KONYS\u00c1GI MUTAT\u00d3 SEER<\/strong><\/p>\n\n\n\n<p class=\"has-text-align-center has-small-font-size\">6,3<\/p>\n\n\n\n<hr class=\"wp-block-separator has-alpha-channel-opacity\"\/>\n\n\n\n<p class=\"has-text-align-center has-vivid-red-color has-text-color has-small-font-size\"><strong>HAT\u00c9KONYS\u00c1GI MUTAT\u00d3 SCOP<\/strong><\/p>\n\n\n\n<p class=\"has-text-align-center has-small-font-size\">4,0<\/p>\n\n\n\n<hr class=\"wp-block-separator has-alpha-channel-opacity\"\/>\n\n\n\n<p class=\"has-text-align-center has-vivid-red-color has-text-color has-small-font-size\"><strong>KOMPRESSZOR<\/strong><\/p>\n\n\n\n<p class=\"has-text-align-center has-small-font-size\">Forg\u00f3dugatty\u00fas<\/p>\n<\/div>\n\n\n\n<div class=\"wp-block-column is-layout-flow wp-block-column-is-layout-flow\">\n<h5 class=\"wp-block-heading has-text-align-center has-black-color has-text-color has-background\" style=\"background-color:#c5c5c5\">TAC-12CHSD\/XA41IN<\/h5>\n\n\n\n<p class=\"has-text-align-center has-vivid-red-color has-text-color has-small-font-size\"><strong>H\u0170T\u0150TELJES\u00cdTM\u00c9NY<\/strong><\/p>\n\n\n\n<p class=\"has-text-align-center has-small-font-size\">3.4 kW<\/p>\n\n\n\n<hr class=\"wp-block-separator has-alpha-channel-opacity\"\/>\n\n\n\n<p class=\"has-text-align-center has-vivid-red-color has-text-color has-small-font-size\"><strong>F\u0170T\u0150TELJES\u00cdTM\u00c9NY<\/strong><\/p>\n\n\n\n<p class=\"has-text-align-center has-small-font-size\">3.42 kW<\/p>\n\n\n\n<hr class=\"wp-block-separator has-alpha-channel-opacity\"\/>\n\n\n\n<p class=\"has-text-align-center has-vivid-red-color has-text-color has-small-font-size\"><strong>ENERGIA OSZT\u00c1LY, H\u0170T\u00c9S\/F\u0170T\u00c9S<\/strong><\/p>\n\n\n\n<p class=\"has-text-align-center has-small-font-size\">A++\/A+<\/p>\n\n\n\n<hr class=\"wp-block-separator has-alpha-channel-opacity\"\/>\n\n\n\n<p class=\"has-text-align-center has-vivid-red-color has-text-color has-small-font-size\"><strong>HAT\u00c9KONYS\u00c1GI MUTAT\u00d3 SEER<\/strong><\/p>\n\n\n\n<p class=\"has-text-align-center has-small-font-size\">6,1<\/p>\n\n\n\n<hr class=\"wp-block-separator has-alpha-channel-opacity\"\/>\n\n\n\n<p class=\"has-text-align-center has-vivid-red-color has-text-color has-small-font-size\"><strong>HAT\u00c9KONYS\u00c1GI MUTAT\u00d3 SCOP<\/strong><\/p>\n\n\n\n<p class=\"has-text-align-center has-small-font-size\">4,0<\/p>\n\n\n\n<hr class=\"wp-block-separator has-alpha-channel-opacity\"\/>\n\n\n\n<p class=\"has-text-align-center has-vivid-red-color has-text-color has-small-font-size\"><strong>KOMPRESSZOR<\/strong><\/p>\n\n\n\n<p class=\"has-text-align-center has-small-font-size\">Forg\u00f3dugatty\u00fas<\/p>\n<\/div>\n<\/div>\n<\/div>\n\n\n\n<div class=\"wp-block-column is-layout-flow wp-block-column-is-layout-flow\">\n<div class=\"wp-block-columns is-layout-flex wp-container-core-columns-is-layout-9d6595d7 wp-block-columns-is-layout-flex\">\n<div class=\"wp-block-column is-layout-flow wp-block-column-is-layout-flow\">\n<h5 class=\"wp-block-heading has-text-align-center has-black-color has-text-color has-background\" style=\"background-color:#c5c5c5\">TAC-18CHSD\/XA41IN<\/h5>\n\n\n\n<p class=\"has-text-align-center has-vivid-red-color has-text-color has-small-font-size\"><strong>H\u0170T\u0150TELJES\u00cdTM\u00c9NY<\/strong><\/p>\n\n\n\n<p class=\"has-text-align-center has-small-font-size\">5.1 kW<\/p>\n\n\n\n<hr class=\"wp-block-separator has-alpha-channel-opacity\"\/>\n\n\n\n<p class=\"has-text-align-center has-vivid-red-color has-text-color has-small-font-size\"><strong>F\u0170T\u0150TELJES\u00cdTM\u00c9NY<\/strong><\/p>\n\n\n\n<p class=\"has-text-align-center has-small-font-size\">5.13 kW<\/p>\n\n\n\n<hr class=\"wp-block-separator has-alpha-channel-opacity\"\/>\n\n\n\n<p class=\"has-text-align-center has-vivid-red-color has-text-color has-small-font-size\"><strong>ENERGIA OSZT\u00c1LY, H\u0170T\u00c9S\/F\u0170T\u00c9S<\/strong><\/p>\n\n\n\n<p class=\"has-text-align-center has-small-font-size\">A++\/A+<\/p>\n\n\n\n<hr class=\"wp-block-separator has-alpha-channel-opacity\"\/>\n\n\n\n<p class=\"has-text-align-center has-vivid-red-color has-text-color has-small-font-size\"><strong>HAT\u00c9KONYS\u00c1GI MUTAT\u00d3 SEER<\/strong><\/p>\n\n\n\n<p class=\"has-text-align-center has-small-font-size\">6,1<\/p>\n\n\n\n<hr class=\"wp-block-separator has-alpha-channel-opacity\"\/>\n\n\n\n<p class=\"has-text-align-center has-vivid-red-color has-text-color has-small-font-size\"><strong>HAT\u00c9KONYS\u00c1GI MUTAT\u00d3 SCOP<\/strong><\/p>\n\n\n\n<p class=\"has-text-align-center has-small-font-size\">4,0<\/p>\n\n\n\n<hr class=\"wp-block-separator has-alpha-channel-opacity\"\/>\n\n\n\n<p class=\"has-text-align-center has-vivid-red-color has-text-color has-small-font-size\"><strong>KOMPRESSZOR<\/strong><\/p>\n\n\n\n<p class=\"has-text-align-center has-small-font-size\">Forg\u00f3dugatty\u00fas<\/p>\n<\/div>\n\n\n\n<div class=\"wp-block-column is-layout-flow wp-block-column-is-layout-flow\">\n<h5 class=\"wp-block-heading has-text-align-center has-black-color has-text-color has-background\" style=\"background-color:#c5c5c5\">TAC-24CHSD\/XA41IN<\/h5>\n\n\n\n<p class=\"has-text-align-center has-vivid-red-color has-text-color has-small-font-size\"><strong>H\u0170T\u0150TELJES\u00cdTM\u00c9NY<\/strong><\/p>\n\n\n\n<p class=\"has-text-align-center has-small-font-size\">6.81 kW<\/p>\n\n\n\n<hr class=\"wp-block-separator has-alpha-channel-opacity\"\/>\n\n\n\n<p class=\"has-text-align-center has-vivid-red-color has-text-color has-small-font-size\"><strong>F\u0170T\u0150TELJES\u00cdTM\u00c9NY<\/strong><\/p>\n\n\n\n<p class=\"has-text-align-center has-small-font-size\">6.87 kW<\/p>\n\n\n\n<hr class=\"wp-block-separator has-alpha-channel-opacity\"\/>\n\n\n\n<p class=\"has-text-align-center has-vivid-red-color has-text-color has-small-font-size\"><strong>ENERGIA OSZT\u00c1LY, H\u0170T\u00c9S\/F\u0170T\u00c9S<\/strong><\/p>\n\n\n\n<p class=\"has-text-align-center has-small-font-size\">A++\/A+<\/p>\n\n\n\n<hr class=\"wp-block-separator has-alpha-channel-opacity\"\/>\n\n\n\n<p class=\"has-text-align-center has-vivid-red-color has-text-color has-small-font-size\"><strong>HAT\u00c9KONYS\u00c1GI MUTAT\u00d3 SEER<\/strong><\/p>\n\n\n\n<p class=\"has-text-align-center has-small-font-size\">6,5<\/p>\n\n\n\n<hr class=\"wp-block-separator has-alpha-channel-opacity\"\/>\n\n\n\n<p class=\"has-text-align-center has-vivid-red-color has-text-color has-small-font-size\"><strong>HAT\u00c9KONYS\u00c1GI MUTAT\u00d3 SCOP<\/strong><\/p>\n\n\n\n<p class=\"has-text-align-center has-small-font-size\">4,1<\/p>\n\n\n\n<hr class=\"wp-block-separator has-alpha-channel-opacity\"\/>\n\n\n\n<p class=\"has-text-align-center has-vivid-red-color has-text-color has-small-font-size\"><strong>KOMPRESSZOR<\/strong><\/p>\n\n\n\n<p class=\"has-text-align-center has-small-font-size\">Forg\u00f3dugatty\u00fas<\/p>\n<\/div>\n<\/div>\n<\/div>\n<\/div>\n\n\n\n<hr class=\"wp-block-separator aligncenter has-alpha-channel-opacity is-style-wide\"\/>\n\n\n\n<h2 class=\"wp-block-heading has-vivid-red-color has-text-color\"><strong>TCL ELITE<\/strong><\/h2>\n\n\n\n<div class=\"wp-block-columns is-layout-flex wp-container-core-columns-is-layout-9d6595d7 wp-block-columns-is-layout-flex\">\n<div class=\"wp-block-column is-layout-flow wp-block-column-is-layout-flow\">\n<p class=\"has-text-align-center\" style=\"font-size:14px\">Eleg\u00e1ns megjelen\u00e9se b\u00e1rmely otthonba illik. K\u00e9nyelmi funkci\u00f3k sokas\u00e1ga, mint az I feel, az I set, a Smart Air Flow vagy az Anti cold air gondoskodik a felhaszn\u00e1l\u00f3nak legink\u00e1bb megfelel\u0151 h\u0151\u00e9rzetr\u0151l, a be\u00e9p\u00edtett h\u0171t\u0151k\u00f6zeg-sziv\u00e1rg\u00e1s \u00e9rz\u00e9kel\u0151 pedig a biztons\u00e1gr\u00f3l. 4in1 sz\u0171r\u0151, \u00f6ntiszt\u00edt\u00f3 \u00e9s steriliz\u00e1l\u00f3 funkci\u00f3 felel a leveg\u0151 tisztas\u00e1g\u00e1\u00e9rt. A k\u00e9sz\u00fcl\u00e9kben WiFi tal\u00e1lhat\u00f3.<\/p>\n<\/div>\n\n\n\n<div class=\"wp-block-column is-layout-flow wp-block-column-is-layout-flow\"><div class=\"wp-block-image\">\n<figure class=\"aligncenter size-full\"><img loading=\"lazy\" decoding=\"async\" width=\"555\" height=\"200\" src=\"https:\/\/klimasprinter.hu\/wp-content\/uploads\/2023\/05\/TCL_Elite.png\" alt=\"\" class=\"wp-image-189\" srcset=\"https:\/\/klimasprinter.hu\/wp-content\/uploads\/2023\/05\/TCL_Elite.png 555w, https:\/\/klimasprinter.hu\/wp-content\/uploads\/2023\/05\/TCL_Elite-300x108.png 300w\" sizes=\"auto, (max-width: 555px) 100vw, 555px\" \/><\/figure>\n<\/div><\/div>\n<\/div>\n\n\n\n<div class=\"wp-block-columns is-layout-flex wp-container-core-columns-is-layout-9d6595d7 wp-block-columns-is-layout-flex\">\n<div class=\"wp-block-column is-layout-flow wp-block-column-is-layout-flow\">\n<div class=\"wp-block-file aligncenter\"><a href=\"https:\/\/klimasprinter.hu\/wp-content\/uploads\/2023\/05\/TCL_klima_katalogus_2022_1.1-1.pdf\" class=\"wp-block-file__button wp-element-button\" download>Bross\u00fara let\u00f6lt\u00e9se<\/a><\/div>\n<\/div>\n\n\n\n<div class=\"wp-block-column is-layout-flow wp-block-column-is-layout-flow\">\n<div class=\"wp-block-columns is-layout-flex wp-container-core-columns-is-layout-9d6595d7 wp-block-columns-is-layout-flex\">\n<div class=\"wp-block-column is-layout-flow wp-block-column-is-layout-flow\">\n<p class=\"has-text-align-center\"><strong>H\u0170T\u00c9SI TARTOM\u00c1NY<\/strong><br>-15 &#8211; +53&nbsp;\u00b0C<\/p>\n<\/div>\n\n\n\n<div class=\"wp-block-column is-layout-flow wp-block-column-is-layout-flow\">\n<p class=\"has-text-align-center\"><strong>F\u0170T\u00c9SI TARTOM\u00c1NY<\/strong><br>-20 &#8211; +30&nbsp;\u00b0C<\/p>\n<\/div>\n<\/div>\n<\/div>\n<\/div>\n\n\n\n<hr class=\"wp-block-separator has-alpha-channel-opacity is-style-wide\"\/>\n\n\n\n<h2 class=\"wp-block-heading has-vivid-red-color has-text-color\"><strong>TCL THERMO-X<\/strong><\/h2>\n\n\n\n<div class=\"wp-block-columns is-layout-flex wp-container-core-columns-is-layout-9d6595d7 wp-block-columns-is-layout-flex\">\n<div class=\"wp-block-column is-layout-flow wp-block-column-is-layout-flow\">\n<p class=\"has-text-align-center\" style=\"font-size:14px\">Matt panelje kiemeli a t\u00f6bbi kl\u00edma k\u00f6z\u00fcl. A l\u00e9gbef\u00fav\u00e1s olyan egyenletes, mint egy l\u00e1gy fuvallat, a 4 ir\u00e1ny\u00fa l\u00e9gterel\u00e9ssel egy\u00fctt kiemelked\u0151 a komfort\u00e9rzet a h\u0171t\u00f6tt vagy f\u0171t\u00f6tt helyis\u00e9gben. 4in1 sz\u0171r\u0151 \u00e9s \u00f6ntiszt\u00edt\u00f3 funkci\u00f3 gondoskodik a leveg\u0151 tisztas\u00e1g\u00e1r\u00f3l. A cseppt\u00e1lca f\u0171t\u00e9snek \u00e9s a sz\u00e9les \u00fczemi tartom\u00e1nynak k\u00f6sz\u00f6nhet\u0151en b\u00e1tran haszn\u00e1lhat\u00f3 f\u0171t\u00e9sre is. A be\u00e9p\u00edtett WiFinek k\u00f6sz\u00f6nhet\u0151en ak\u00e1r okosotthonba is kapcsolhat\u00f3.<\/p>\n<\/div>\n\n\n\n<div class=\"wp-block-column is-layout-flow wp-block-column-is-layout-flow\"><div class=\"wp-block-image\">\n<figure class=\"aligncenter size-full\"><img loading=\"lazy\" decoding=\"async\" width=\"555\" height=\"200\" src=\"https:\/\/klimasprinter.hu\/wp-content\/uploads\/2023\/05\/ThermoX.png\" alt=\"\" class=\"wp-image-202\" srcset=\"https:\/\/klimasprinter.hu\/wp-content\/uploads\/2023\/05\/ThermoX.png 555w, https:\/\/klimasprinter.hu\/wp-content\/uploads\/2023\/05\/ThermoX-300x108.png 300w\" sizes=\"auto, (max-width: 555px) 100vw, 555px\" \/><\/figure>\n<\/div><\/div>\n<\/div>\n\n\n\n<div class=\"wp-block-columns is-layout-flex wp-container-core-columns-is-layout-9d6595d7 wp-block-columns-is-layout-flex\">\n<div class=\"wp-block-column is-layout-flow wp-block-column-is-layout-flow\">\n<div class=\"wp-block-file aligncenter\"><a href=\"https:\/\/klimasprinter.hu\/wp-content\/uploads\/2023\/05\/TCL_klima_katalogus_2022_1.1-2.pdf\" class=\"wp-block-file__button wp-element-button\" download>Bross\u00fara let\u00f6lt\u00e9se<\/a><\/div>\n<\/div>\n\n\n\n<div class=\"wp-block-column is-layout-flow wp-block-column-is-layout-flow\">\n<div class=\"wp-block-columns is-layout-flex wp-container-core-columns-is-layout-9d6595d7 wp-block-columns-is-layout-flex\">\n<div class=\"wp-block-column is-layout-flow wp-block-column-is-layout-flow\">\n<p class=\"has-text-align-center\"><strong>H\u0170T\u00c9SI TARTOM\u00c1NY<br><\/strong>-15 &#8211; +53\u00a0\u00b0C<\/p>\n<\/div>\n\n\n\n<div class=\"wp-block-column is-layout-flow wp-block-column-is-layout-flow\">\n<p class=\"has-text-align-center\"><strong>F\u0170T\u00c9SI TARTOM\u00c1NY<\/strong><br>-20 &#8211; +30\u00a0\u00b0C<\/p>\n<\/div>\n<\/div>\n<\/div>\n<\/div>\n\n\n\n<h2 class=\"wp-block-heading has-vivid-red-color has-text-color\">\u0150k m\u00e1r el\u00e9gedettek a TCL berendez\u00e9s\u00fckkel:<\/h2>\n\n\n\n<p>Nagyon el\u00e9gedett vagyok a v\u00e1laszt\u00e1sommal. A k\u00e9sz\u00fcl\u00e9ket szinte nem is halljuk, kiv\u00e1l\u00f3an tudunk aludni mellette mikor forr\u00f3 ny\u00e1ri \u00e9jszak\u00e1kon is m\u0171k\u00f6dik.&nbsp;\u2013 P\u00e9ter, Budapest<\/p>\n\n\n\n<p>A k\u00f6vetkez\u0151 ingatlanunkba is TCL kl\u00edm\u00e1t v\u00e1lasztok. Rendk\u00edv\u00fcl gyorsan le tudja h\u0171teni az egy\u00e9bk\u00e9nt el\u00e9g nagy \u00e9tkez\u0151 \u2013 konyha \u2013 nappali helyis\u00e9get.&nbsp;\u2013 Kl\u00e1ri, Buda\u00f6rs<\/p>\n\n\n\n<p>A TCL jobb, mint v\u00e1rtam \u00e9s a villanysz\u00e1ml\u00e1m sem akkora, mint amivel riogattak a bar\u00e1tok.&nbsp;\u2013 Ferenc, Ny\u00edregyh\u00e1za<\/p>\n\n\n\n<p>A h\u0171v\u00f6sebb est\u00e9k sem jelentenek probl\u00e9m\u00e1t szezon v\u00e9g\u00e9n a balatoni nyaral\u00f3nkban. Csak bekapcsoljuk a kl\u00edm\u00e1t \u00e9s szinte r\u00f6gt\u00f6n kellemes meleg van!&nbsp;\u2013 Istv\u00e1n, Badacsony<\/p>\n\n\n\n<p>Igazi fel\u00fcd\u00fcl\u00e9s egy panelban a TCL kl\u00edma! M\u00e1r nem egy k\u00ednl\u00f3d\u00e1s ny\u00e1ron a 40 fokos h\u0151s\u00e9gben a 10. emeleten lakni. K\u00f6sz\u00f6n\u00f6m!&nbsp;\u2013 Judit, Budapest<\/p>\n","protected":false},"excerpt":{"rendered":"<p>TCL FRESH-IN Ez\u00fcst sz\u00edn\u0171 panele eleg\u00e1ns, speci\u00e1lis kialak\u00edt\u00e1s\u00e1val ak\u00e1r 60m3 friss leveg\u0151t f\u00faj be a helyis\u00e9gbe \u00f3r\u00e1nk\u00e9nt, melyet h\u0171t vagy f\u0171t a k\u00e9sz\u00fcl\u00e9k. A leveg\u0151 min\u0151s\u00e9g\u00e9r\u0151l QuadruPuri sz\u0171r\u0151rendszer gondoskodik. A 14 S alak\u00fa l\u00e9gterel\u0151 lamell\u00e1n tal\u00e1lhat\u00f3 1422 mikro m\u00e9ret\u0171 lyuknak \u00e9s a 4 ir\u00e1ny\u00fa l\u00e9gterel\u00e9snek k\u00f6sz\u00f6nhet\u0151en a l\u00e9gbef\u00fav\u00e1s olyan, mint egy l\u00e1gy fuvallat. Kiv\u00e1l\u00f3 f\u0171t\u00e9sre &hellip; <\/p>\n<p class=\"link-more\"><a href=\"https:\/\/klimasprinter.hu\/index.php\/termekek\/\" class=\"more-link\"><span class=\"screen-reader-text\">&#8222;Term\u00e9kek&#8221;<\/span> b\u0151vebben<\/a><\/p>\n","protected":false},"author":1,"featured_media":0,"parent":0,"menu_order":0,"comment_status":"closed","ping_status":"closed","template":"","meta":{"footnotes":""},"class_list":["post-33","page","type-page","status-publish","hentry"],"_links":{"self":[{"href":"https:\/\/klimasprinter.hu\/index.php\/wp-json\/wp\/v2\/pages\/33","targetHints":{"allow":["GET"]}}],"collection":[{"href":"https:\/\/klimasprinter.hu\/index.php\/wp-json\/wp\/v2\/pages"}],"about":[{"href":"https:\/\/klimasprinter.hu\/index.php\/wp-json\/wp\/v2\/types\/page"}],"author":[{"embeddable":true,"href":"https:\/\/klimasprinter.hu\/index.php\/wp-json\/wp\/v2\/users\/1"}],"replies":[{"embeddable":true,"href":"https:\/\/klimasprinter.hu\/index.php\/wp-json\/wp\/v2\/comments?post=33"}],"version-history":[{"count":37,"href":"https:\/\/klimasprinter.hu\/index.php\/wp-json\/wp\/v2\/pages\/33\/revisions"}],"predecessor-version":[{"id":205,"href":"https:\/\/klimasprinter.hu\/index.php\/wp-json\/wp\/v2\/pages\/33\/revisions\/205"}],"wp:attachment":[{"href":"https:\/\/klimasprinter.hu\/index.php\/wp-json\/wp\/v2\/media?parent=33"}],"curies":[{"name":"wp","href":"https:\/\/api.w.org\/{rel}","templated":true}]}}