{"id":31,"date":"2023-04-03T13:16:15","date_gmt":"2023-04-03T13:16:15","guid":{"rendered":"https:\/\/klimasprinter.hu\/?page_id=31"},"modified":"2023-05-10T07:30:27","modified_gmt":"2023-05-10T07:30:27","slug":"rolunk","status":"publish","type":"page","link":"https:\/\/klimasprinter.hu\/index.php\/rolunk\/","title":{"rendered":"R\u00f3lunk"},"content":{"rendered":"\n<p class=\"has-text-align-center has-background\" style=\"background-color:#a4a4a4\">C\u00e9g\u00fcnk 3 \u00e9ve foglalkozik kl\u00edmaberendez\u00e9sek \u00e9rt\u00e9kes\u00edt\u00e9s\u00e9vel, be\u00fczemel\u00e9s\u00e9vel \u00e9s karbantart\u00e1s\u00e1val, \u00edgy szakmai k\u00e9rd\u00e9s eset\u00e9n szinte biztosan sz\u00e1m\u00edthat a seg\u00edts\u00e9g\u00fcnkre.<\/p>\n\n\n\n<h2 class=\"wp-block-heading has-text-align-center\">B\u00c1RMILYEN K\u00c9RD\u00c9SE VAN, FORDULJON HOZZ\u00c1NK BIZALOMMAL! MUNKANAPOKON 1-2 \u00d3R\u00c1N BEL\u00dcL FELVESSZ\u00dcK \u00d6NNEL A KAPCSOLATOT.<\/h2>\n\n\n\n<h2 class=\"wp-block-heading\">P\u00e1r referencia fot\u00f3 a munk\u00e1inkr\u00f3l<\/h2>\n\n\n\n<figure class=\"wp-block-gallery has-nested-images columns-default is-cropped wp-block-gallery-1 is-layout-flex wp-block-gallery-is-layout-flex\">\n<figure class=\"wp-block-image size-large\"><img loading=\"lazy\" decoding=\"async\" width=\"1024\" height=\"768\" data-id=\"132\" src=\"https:\/\/klimasprinter.hu\/wp-content\/uploads\/2023\/05\/2-1024x768.jpeg\" alt=\"\" class=\"wp-image-132\" srcset=\"https:\/\/klimasprinter.hu\/wp-content\/uploads\/2023\/05\/2-1024x768.jpeg 1024w, https:\/\/klimasprinter.hu\/wp-content\/uploads\/2023\/05\/2-300x225.jpeg 300w, https:\/\/klimasprinter.hu\/wp-content\/uploads\/2023\/05\/2-768x576.jpeg 768w, https:\/\/klimasprinter.hu\/wp-content\/uploads\/2023\/05\/2-1536x1152.jpeg 1536w, https:\/\/klimasprinter.hu\/wp-content\/uploads\/2023\/05\/2-2048x1536.jpeg 2048w\" sizes=\"auto, (max-width: 767px) 89vw, (max-width: 1000px) 54vw, (max-width: 1071px) 543px, 580px\" \/><\/figure>\n\n\n\n<figure class=\"wp-block-image size-large\"><img loading=\"lazy\" decoding=\"async\" width=\"1024\" height=\"768\" data-id=\"131\" src=\"https:\/\/klimasprinter.hu\/wp-content\/uploads\/2023\/05\/attec3-1024x768.jpg\" alt=\"\" class=\"wp-image-131\" srcset=\"https:\/\/klimasprinter.hu\/wp-content\/uploads\/2023\/05\/attec3-1024x768.jpg 1024w, https:\/\/klimasprinter.hu\/wp-content\/uploads\/2023\/05\/attec3-300x225.jpg 300w, https:\/\/klimasprinter.hu\/wp-content\/uploads\/2023\/05\/attec3-768x576.jpg 768w, https:\/\/klimasprinter.hu\/wp-content\/uploads\/2023\/05\/attec3.jpg 1280w\" sizes=\"auto, (max-width: 767px) 89vw, (max-width: 1000px) 54vw, (max-width: 1071px) 543px, 580px\" \/><\/figure>\n<\/figure>\n\n\n\n<figure class=\"wp-block-gallery has-nested-images columns-default is-cropped wp-block-gallery-2 is-layout-flex wp-block-gallery-is-layout-flex\">\n<figure class=\"wp-block-image size-large\"><img loading=\"lazy\" decoding=\"async\" width=\"1024\" height=\"576\" data-id=\"134\" src=\"https:\/\/klimasprinter.hu\/wp-content\/uploads\/2023\/05\/image_hd-1-1024x576.jpg\" alt=\"\" class=\"wp-image-134\" srcset=\"https:\/\/klimasprinter.hu\/wp-content\/uploads\/2023\/05\/image_hd-1-1024x576.jpg 1024w, https:\/\/klimasprinter.hu\/wp-content\/uploads\/2023\/05\/image_hd-1-300x169.jpg 300w, https:\/\/klimasprinter.hu\/wp-content\/uploads\/2023\/05\/image_hd-1-768x432.jpg 768w, https:\/\/klimasprinter.hu\/wp-content\/uploads\/2023\/05\/image_hd-1-1536x864.jpg 1536w, https:\/\/klimasprinter.hu\/wp-content\/uploads\/2023\/05\/image_hd-1.jpg 1920w\" sizes=\"auto, (max-width: 767px) 89vw, (max-width: 1000px) 54vw, (max-width: 1071px) 543px, 580px\" \/><\/figure>\n\n\n\n<figure class=\"wp-block-image size-large\"><img loading=\"lazy\" decoding=\"async\" width=\"1024\" height=\"680\" data-id=\"135\" src=\"https:\/\/klimasprinter.hu\/wp-content\/uploads\/2023\/05\/rivil1-1-1024x680.jpg\" alt=\"\" class=\"wp-image-135\" srcset=\"https:\/\/klimasprinter.hu\/wp-content\/uploads\/2023\/05\/rivil1-1-1024x680.jpg 1024w, https:\/\/klimasprinter.hu\/wp-content\/uploads\/2023\/05\/rivil1-1-300x199.jpg 300w, https:\/\/klimasprinter.hu\/wp-content\/uploads\/2023\/05\/rivil1-1-768x510.jpg 768w, https:\/\/klimasprinter.hu\/wp-content\/uploads\/2023\/05\/rivil1-1.jpg 1200w\" sizes=\"auto, (max-width: 767px) 89vw, (max-width: 1000px) 54vw, (max-width: 1071px) 543px, 580px\" \/><\/figure>\n<\/figure>\n\n\n\n<p>Egyedi fot\u00f3k\u00e9rt k\u00e9rj\u00fck keressen fel minket!<br>info@klimasprinter.hu<\/p>\n\n\n\n<h2 class=\"wp-block-heading has-text-align-center\"><strong>P\u00e1r sz\u00f3 a garanci\u00e1r\u00f3l<\/strong><\/h2>\n\n\n\n<p>C\u00e9g\u00fcnk minden esetben minden ki\u00e9p\u00edtett term\u00e9kre \u00e9s a telep\u00edt\u00e9si folyamatra ad garanci\u00e1t. Ez t\u00edpusf\u00fcgg\u0151, de az esetek nagyr\u00e9sz\u00e9ben minimum 2-3 \u00e9v teljesk\u00f6r\u0171 garanci\u00e1t biztos\u00edtunk a term\u00e9kre \u00e9s a ki\u00e9p\u00edt\u00e9sre egyar\u00e1nt.<\/p>\n\n\n\n<p>Van lehet\u0151s\u00e9g kib\u0151v\u00edtett garanci\u00e1ra is, mely fel\u00e1r ellen\u00e9ben b\u00e1rmikor k\u00e9rhet\u0151 \u00e9s ig\u00e9nyelhet\u0151 c\u00e9g\u00fcnkt\u0151l. Ak\u00e1r a 10 \u00e9ves j\u00f3t\u00e1ll\u00e1s is lehets\u00e9ges, hogy ne \u00e9rje semmilyen kellemetlens\u00e9g kedves \u00fcgyfeleinket.<\/p>\n\n\n\n<hr class=\"wp-block-separator has-alpha-channel-opacity\"\/>\n\n\n\n<h2 class=\"wp-block-heading has-text-align-center\">Mi jellemzi c\u00e9g\u00fcnket?<\/h2>\n\n\n\n<div class=\"wp-block-columns is-layout-flex wp-container-core-columns-is-layout-9d6595d7 wp-block-columns-is-layout-flex\">\n<div class=\"wp-block-column is-layout-flow wp-block-column-is-layout-flow\">\n<div class=\"wp-block-columns is-layout-flex wp-container-core-columns-is-layout-9d6595d7 wp-block-columns-is-layout-flex\">\n<div class=\"wp-block-column is-layout-flow wp-block-column-is-layout-flow\"><div class=\"wp-block-image\">\n<figure class=\"aligncenter size-full is-resized\"><img loading=\"lazy\" decoding=\"async\" src=\"https:\/\/klimasprinter.hu\/wp-content\/uploads\/2023\/05\/guarantee.png\" alt=\"\" class=\"wp-image-138\" width=\"95\" height=\"95\" srcset=\"https:\/\/klimasprinter.hu\/wp-content\/uploads\/2023\/05\/guarantee.png 512w, https:\/\/klimasprinter.hu\/wp-content\/uploads\/2023\/05\/guarantee-300x300.png 300w, https:\/\/klimasprinter.hu\/wp-content\/uploads\/2023\/05\/guarantee-150x150.png 150w, https:\/\/klimasprinter.hu\/wp-content\/uploads\/2023\/05\/guarantee-100x100.png 100w\" sizes=\"auto, (max-width: 95px) 100vw, 95px\" \/><\/figure>\n<\/div>\n\n\n<h3 class=\"wp-block-heading has-text-align-center\">100%-os garancia<\/h3>\n<\/div>\n\n\n\n<div class=\"wp-block-column is-layout-flow wp-block-column-is-layout-flow\"><div class=\"wp-block-image\">\n<figure class=\"aligncenter size-full is-resized\"><img loading=\"lazy\" decoding=\"async\" src=\"https:\/\/klimasprinter.hu\/wp-content\/uploads\/2023\/05\/high-quality.png\" alt=\"\" class=\"wp-image-139\" width=\"95\" height=\"95\" srcset=\"https:\/\/klimasprinter.hu\/wp-content\/uploads\/2023\/05\/high-quality.png 512w, https:\/\/klimasprinter.hu\/wp-content\/uploads\/2023\/05\/high-quality-300x300.png 300w, https:\/\/klimasprinter.hu\/wp-content\/uploads\/2023\/05\/high-quality-150x150.png 150w, https:\/\/klimasprinter.hu\/wp-content\/uploads\/2023\/05\/high-quality-100x100.png 100w\" sizes=\"auto, (max-width: 95px) 100vw, 95px\" \/><\/figure>\n<\/div>\n\n\n<h3 class=\"wp-block-heading has-text-align-center\">A legmagasabb min\u0151s\u00e9g<\/h3>\n<\/div>\n<\/div>\n<\/div>\n\n\n\n<div class=\"wp-block-column is-layout-flow wp-block-column-is-layout-flow\">\n<div class=\"wp-block-columns is-layout-flex wp-container-core-columns-is-layout-9d6595d7 wp-block-columns-is-layout-flex\">\n<div class=\"wp-block-column is-layout-flow wp-block-column-is-layout-flow\"><div class=\"wp-block-image\">\n<figure class=\"aligncenter size-full is-resized\"><img loading=\"lazy\" decoding=\"async\" src=\"https:\/\/klimasprinter.hu\/wp-content\/uploads\/2023\/05\/invoice.png\" alt=\"\" class=\"wp-image-140\" width=\"101\" height=\"101\" srcset=\"https:\/\/klimasprinter.hu\/wp-content\/uploads\/2023\/05\/invoice.png 512w, https:\/\/klimasprinter.hu\/wp-content\/uploads\/2023\/05\/invoice-300x300.png 300w, https:\/\/klimasprinter.hu\/wp-content\/uploads\/2023\/05\/invoice-150x150.png 150w, https:\/\/klimasprinter.hu\/wp-content\/uploads\/2023\/05\/invoice-100x100.png 100w\" sizes=\"auto, (max-width: 101px) 100vw, 101px\" \/><\/figure>\n<\/div>\n\n\n<h3 class=\"wp-block-heading has-text-align-center\">Sz\u00e1ml\u00e1s ki\u00e9p\u00edt\u00e9s minden esetben<\/h3>\n<\/div>\n\n\n\n<div class=\"wp-block-column is-layout-flow wp-block-column-is-layout-flow\"><div class=\"wp-block-image\">\n<figure class=\"aligncenter size-full is-resized\"><img loading=\"lazy\" decoding=\"async\" src=\"https:\/\/klimasprinter.hu\/wp-content\/uploads\/2023\/05\/diploma.png\" alt=\"\" class=\"wp-image-141\" width=\"99\" height=\"99\" srcset=\"https:\/\/klimasprinter.hu\/wp-content\/uploads\/2023\/05\/diploma.png 512w, https:\/\/klimasprinter.hu\/wp-content\/uploads\/2023\/05\/diploma-300x300.png 300w, https:\/\/klimasprinter.hu\/wp-content\/uploads\/2023\/05\/diploma-150x150.png 150w, https:\/\/klimasprinter.hu\/wp-content\/uploads\/2023\/05\/diploma-100x100.png 100w\" sizes=\"auto, (max-width: 99px) 100vw, 99px\" \/><\/figure>\n<\/div>\n\n\n<h3 class=\"wp-block-heading has-text-align-center\">Remek v\u00e9lem\u00e9nyek<\/h3>\n<\/div>\n<\/div>\n<\/div>\n<\/div>\n","protected":false},"excerpt":{"rendered":"<p>C\u00e9g\u00fcnk 3 \u00e9ve foglalkozik kl\u00edmaberendez\u00e9sek \u00e9rt\u00e9kes\u00edt\u00e9s\u00e9vel, be\u00fczemel\u00e9s\u00e9vel \u00e9s karbantart\u00e1s\u00e1val, \u00edgy szakmai k\u00e9rd\u00e9s eset\u00e9n szinte biztosan sz\u00e1m\u00edthat a seg\u00edts\u00e9g\u00fcnkre. B\u00c1RMILYEN K\u00c9RD\u00c9SE VAN, FORDULJON HOZZ\u00c1NK BIZALOMMAL! MUNKANAPOKON 1-2 \u00d3R\u00c1N BEL\u00dcL FELVESSZ\u00dcK \u00d6NNEL A KAPCSOLATOT. P\u00e1r referencia fot\u00f3 a munk\u00e1inkr\u00f3l Egyedi fot\u00f3k\u00e9rt k\u00e9rj\u00fck keressen fel minket!info@klimasprinter.hu P\u00e1r sz\u00f3 a garanci\u00e1r\u00f3l C\u00e9g\u00fcnk minden esetben minden ki\u00e9p\u00edtett term\u00e9kre \u00e9s a &hellip; <\/p>\n<p class=\"link-more\"><a href=\"https:\/\/klimasprinter.hu\/index.php\/rolunk\/\" class=\"more-link\"><span class=\"screen-reader-text\">&#8222;R\u00f3lunk&#8221;<\/span> b\u0151vebben<\/a><\/p>\n","protected":false},"author":1,"featured_media":0,"parent":0,"menu_order":0,"comment_status":"closed","ping_status":"closed","template":"","meta":{"footnotes":""},"class_list":["post-31","page","type-page","status-publish","hentry"],"_links":{"self":[{"href":"https:\/\/klimasprinter.hu\/index.php\/wp-json\/wp\/v2\/pages\/31","targetHints":{"allow":["GET"]}}],"collection":[{"href":"https:\/\/klimasprinter.hu\/index.php\/wp-json\/wp\/v2\/pages"}],"about":[{"href":"https:\/\/klimasprinter.hu\/index.php\/wp-json\/wp\/v2\/types\/page"}],"author":[{"embeddable":true,"href":"https:\/\/klimasprinter.hu\/index.php\/wp-json\/wp\/v2\/users\/1"}],"replies":[{"embeddable":true,"href":"https:\/\/klimasprinter.hu\/index.php\/wp-json\/wp\/v2\/comments?post=31"}],"version-history":[{"count":11,"href":"https:\/\/klimasprinter.hu\/index.php\/wp-json\/wp\/v2\/pages\/31\/revisions"}],"predecessor-version":[{"id":149,"href":"https:\/\/klimasprinter.hu\/index.php\/wp-json\/wp\/v2\/pages\/31\/revisions\/149"}],"wp:attachment":[{"href":"https:\/\/klimasprinter.hu\/index.php\/wp-json\/wp\/v2\/media?parent=31"}],"curies":[{"name":"wp","href":"https:\/\/api.w.org\/{rel}","templated":true}]}}