{"id":29,"date":"2023-04-03T13:16:04","date_gmt":"2023-04-03T13:16:04","guid":{"rendered":"https:\/\/klimasprinter.hu\/?page_id=29"},"modified":"2023-05-10T07:33:17","modified_gmt":"2023-05-10T07:33:17","slug":"elerhetosegek","status":"publish","type":"page","link":"https:\/\/klimasprinter.hu\/index.php\/elerhetosegek\/","title":{"rendered":"El\u00e9rhet\u0151s\u00e9gek"},"content":{"rendered":"\n<p class=\"has-text-align-center has-medium-font-size\">A h\u00e9t minden napj\u00e1n el\u00e9rhet\u0151ek vagyunk!<\/p>\n\n\n\n<div class=\"wp-block-columns is-layout-flex wp-container-core-columns-is-layout-9d6595d7 wp-block-columns-is-layout-flex\">\n<div class=\"wp-block-column is-layout-flow wp-block-column-is-layout-flow\"><div class=\"wp-block-image\">\n<figure class=\"aligncenter size-full is-resized\"><a href=\"tel:+36202638350\"><img loading=\"lazy\" decoding=\"async\" src=\"https:\/\/klimasprinter.hu\/wp-content\/uploads\/2023\/04\/phone-call-1.png\" alt=\"\" class=\"wp-image-68\" width=\"61\" height=\"61\" srcset=\"https:\/\/klimasprinter.hu\/wp-content\/uploads\/2023\/04\/phone-call-1.png 512w, https:\/\/klimasprinter.hu\/wp-content\/uploads\/2023\/04\/phone-call-1-300x300.png 300w, https:\/\/klimasprinter.hu\/wp-content\/uploads\/2023\/04\/phone-call-1-150x150.png 150w, https:\/\/klimasprinter.hu\/wp-content\/uploads\/2023\/04\/phone-call-1-100x100.png 100w\" sizes=\"auto, (max-width: 61px) 100vw, 61px\" \/><\/a><\/figure>\n<\/div><\/div>\n\n\n\n<div class=\"wp-block-column is-layout-flow wp-block-column-is-layout-flow\"><div class=\"wp-block-image\">\n<figure class=\"aligncenter size-full is-resized\"><a href=\"mailto:klimasprinter@gmail.com\"><img loading=\"lazy\" decoding=\"async\" src=\"https:\/\/klimasprinter.hu\/wp-content\/uploads\/2023\/04\/email.png\" alt=\"\" class=\"wp-image-69\" width=\"58\" height=\"58\" srcset=\"https:\/\/klimasprinter.hu\/wp-content\/uploads\/2023\/04\/email.png 512w, https:\/\/klimasprinter.hu\/wp-content\/uploads\/2023\/04\/email-300x300.png 300w, https:\/\/klimasprinter.hu\/wp-content\/uploads\/2023\/04\/email-150x150.png 150w, https:\/\/klimasprinter.hu\/wp-content\/uploads\/2023\/04\/email-100x100.png 100w\" sizes=\"auto, (max-width: 58px) 100vw, 58px\" \/><\/a><\/figure>\n<\/div><\/div>\n<\/div>\n\n\n\n<hr class=\"wp-block-separator has-alpha-channel-opacity\"\/>\n\n\n\n<div class=\"wp-block-columns is-layout-flex wp-container-core-columns-is-layout-9d6595d7 wp-block-columns-is-layout-flex\">\n<div class=\"wp-block-column is-layout-flow wp-block-column-is-layout-flow\">\n<h4 class=\"wp-block-heading has-text-align-center\">Telefon:<\/h4>\n<\/div>\n\n\n\n<div class=\"wp-block-column has-white-background-color has-background is-layout-flow wp-block-column-is-layout-flow\">\n<h4 class=\"wp-block-heading has-text-align-center\"><a href=\"tel:+36202638350\" data-type=\"tel\" data-id=\"tel:+36202638350\">+36 20 263 8350<\/a><\/h4>\n<\/div>\n<\/div>\n\n\n\n<div class=\"wp-block-columns is-layout-flex wp-container-core-columns-is-layout-9d6595d7 wp-block-columns-is-layout-flex\">\n<div class=\"wp-block-column is-layout-flow wp-block-column-is-layout-flow\">\n<div class=\"wp-block-columns is-layout-flex wp-container-core-columns-is-layout-9d6595d7 wp-block-columns-is-layout-flex\">\n<div class=\"wp-block-column is-layout-flow wp-block-column-is-layout-flow\">\n<h4 class=\"wp-block-heading has-text-align-center\">E-mail:<\/h4>\n<\/div>\n\n\n\n<div class=\"wp-block-column is-layout-flow wp-block-column-is-layout-flow\">\n<h4 class=\"wp-block-heading has-text-align-center\"><a href=\"mailto:klimasprinter@gmail.com\">klimasprinter@gmail.com<\/a><\/h4>\n<\/div>\n<\/div>\n<\/div>\n<\/div>\n\n\n\n<hr class=\"wp-block-separator has-alpha-channel-opacity\"\/>\n\n\n\n<h2 class=\"wp-block-heading has-text-align-center\">H\u00edvja koll\u00e9g\u00e1nkat a h\u00e9t minden napj\u00e1n, hogy azonnali seg\u00edts\u00e9get tudjunk ny\u00fajatni!<\/h2>\n","protected":false},"excerpt":{"rendered":"<p>A h\u00e9t minden napj\u00e1n el\u00e9rhet\u0151ek vagyunk! Telefon: +36 20 263 8350 E-mail: klimasprinter@gmail.com H\u00edvja koll\u00e9g\u00e1nkat a h\u00e9t minden napj\u00e1n, hogy azonnali seg\u00edts\u00e9get tudjunk ny\u00fajatni!<\/p>\n","protected":false},"author":1,"featured_media":0,"parent":0,"menu_order":0,"comment_status":"closed","ping_status":"closed","template":"","meta":{"footnotes":""},"class_list":["post-29","page","type-page","status-publish","hentry"],"_links":{"self":[{"href":"https:\/\/klimasprinter.hu\/index.php\/wp-json\/wp\/v2\/pages\/29","targetHints":{"allow":["GET"]}}],"collection":[{"href":"https:\/\/klimasprinter.hu\/index.php\/wp-json\/wp\/v2\/pages"}],"about":[{"href":"https:\/\/klimasprinter.hu\/index.php\/wp-json\/wp\/v2\/types\/page"}],"author":[{"embeddable":true,"href":"https:\/\/klimasprinter.hu\/index.php\/wp-json\/wp\/v2\/users\/1"}],"replies":[{"embeddable":true,"href":"https:\/\/klimasprinter.hu\/index.php\/wp-json\/wp\/v2\/comments?post=29"}],"version-history":[{"count":15,"href":"https:\/\/klimasprinter.hu\/index.php\/wp-json\/wp\/v2\/pages\/29\/revisions"}],"predecessor-version":[{"id":153,"href":"https:\/\/klimasprinter.hu\/index.php\/wp-json\/wp\/v2\/pages\/29\/revisions\/153"}],"wp:attachment":[{"href":"https:\/\/klimasprinter.hu\/index.php\/wp-json\/wp\/v2\/media?parent=29"}],"curies":[{"name":"wp","href":"https:\/\/api.w.org\/{rel}","templated":true}]}}